{"id":81,"date":"2020-02-22T18:40:10","date_gmt":"2020-02-22T18:40:10","guid":{"rendered":"http:\/\/fsgueber.ruhr\/?page_id=81"},"modified":"2020-02-23T12:24:21","modified_gmt":"2020-02-23T12:24:21","slug":"home","status":"publish","type":"page","link":"http:\/\/fsgueber.ruhr\/","title":{"rendered":"F\u00f6rderverein"},"content":{"rendered":"\n<h3 class=\"wp-block-heading\">Was wollen wir erreichen?<\/h3>\n\n\n\n<p>Der F\u00f6rderverein hilft, die umfangreichen Aktivit\u00e4ten der SG \u00dcberruhr, aber auch die st\u00e4ndige steigenden Aufwendungen f\u00fcr den gesamten Spielapparat zu finanzieren. Dar\u00fcber hinaus m\u00f6chten wir aber auch mit diesem Verein im sozialen Bereich Akzente setzen. Deshalb beteiligt sich der F\u00f6rderverein bei<br>\n\u2022Notwendigen Nachhilfeunterricht f\u00fcr SG\u00dc Sch\u00fcler durch SG\u00dc Freunde<br>\n\u2022Der Unterst\u00fctzung des Handballteams der geistig behinderten Jugendlichen und Erwachsenen des Special Olympic Teams Nordrhein Westfalen<\/p>\n\n\n\n<div class=\"wp-block-image is-style-default\"><figure class=\"aligncenter size-medium\"><img loading=\"lazy\" decoding=\"async\" width=\"300\" height=\"200\" src=\"http:\/\/fsgueber.ruhr\/wp-content\/uploads\/2020\/02\/special-olympics-logo-nrw-300x200.jpg\" alt=\"\" class=\"wp-image-124\" srcset=\"http:\/\/fsgueber.ruhr\/wp-content\/uploads\/2020\/02\/special-olympics-logo-nrw-300x200.jpg 300w, http:\/\/fsgueber.ruhr\/wp-content\/uploads\/2020\/02\/special-olympics-logo-nrw-768x513.jpg 768w, http:\/\/fsgueber.ruhr\/wp-content\/uploads\/2020\/02\/special-olympics-logo-nrw.jpg 899w\" sizes=\"auto, (max-width: 300px) 100vw, 300px\" \/><\/figure><\/div>\n\n\n\n<h3 class=\"wp-block-heading\"><strong>Wie kann ich diese Aktivit\u00e4ten unterst\u00fctzen?<\/strong><\/h3>\n\n\n\n<p>Bei dem F\u00f6rderverein handelt es sich um einen eingetragenen Verein, bei dem man Mitglied werden kann. Allerdings sind die Mitgliedsbeitr\u00e4ge (mindestens 12,00 Euro pro Jahr) f\u00fcr diesen F\u00f6rderverein steuerlich nicht abzugsf\u00e4hig. Spenden, die jederzeit auf das F\u00f6rdervereinskonto der SG \u00dcberruhr eingezahlt werden k\u00f6nnen, sind dagegen in vollem Umfang steuerlich abzugsf\u00e4hig. Der F\u00f6rderverein der SG \u00dcberruhr erstellt daf\u00fcr steuerlich anerkannte Spendenbescheinigungen.<\/p>\n\n\n\n<h3 class=\"wp-block-heading\"><strong>An wen kann ich mich wenden?<\/strong><\/h3>\n\n\n\n<p>Ansprechpartner des F\u00f6rderverein sind f\u00fcr Sie\/Euch Anke Hammacher , Tel. 0176\/103 786 46.<\/p>\n\n\n\n<p><\/p>\n\n\n\n<h3 class=\"wp-block-heading\">Wie kann ich Mitglied werden?<\/h3>\n\n\n\n<p>Ladet einfach das Dokument runter. F\u00fcllt es aus und sendet es an anmeldung@fsgueber.ruhr<\/p>\n\n\n\n<div class=\"wp-block-button aligncenter\"><a class=\"wp-block-button__link\" href=\"http:\/\/fsgueber.ruhr\/wp-content\/uploads\/2020\/02\/Eintrittserkl\u00e4rung-Spendenerkl\u00e4rung-F\u00f6rderverein-SEPA.pdf\">Download<\/a><\/div>\n\n\n\n<div class=\"wp-block-image\"><figure class=\"aligncenter size-full is-resized\"><img loading=\"lazy\" decoding=\"async\" src=\"http:\/\/fsgueber.ruhr\/wp-content\/uploads\/2020\/02\/Anfangsplakat_Beach-724x1024-1.png\" alt=\"\" class=\"wp-image-131\" width=\"543\" height=\"768\" srcset=\"http:\/\/fsgueber.ruhr\/wp-content\/uploads\/2020\/02\/Anfangsplakat_Beach-724x1024-1.png 724w, http:\/\/fsgueber.ruhr\/wp-content\/uploads\/2020\/02\/Anfangsplakat_Beach-724x1024-1-212x300.png 212w\" sizes=\"auto, (max-width: 543px) 100vw, 543px\" \/><\/figure><\/div>\n","protected":false},"excerpt":{"rendered":"<p>Was wollen wir erreichen? Der F\u00f6rderverein hilft, die umfangreichen Aktivit\u00e4ten der SG \u00dcberruhr, aber auch die st\u00e4ndige steigenden Aufwendungen f\u00fcr den gesamten Spielapparat zu finanzieren. Dar\u00fcber hinaus m\u00f6chten wir aber auch mit diesem Verein im sozialen Bereich Akzente setzen. Deshalb beteiligt sich der F\u00f6rderverein bei \u2022Notwendigen Nachhilfeunterricht f\u00fcr SG\u00dc Sch\u00fcler durch SG\u00dc Freunde \u2022Der Unterst\u00fctzung &hellip; <\/p>\n<p class=\"link-more\"><a href=\"http:\/\/fsgueber.ruhr\/\" class=\"more-link\"><span class=\"screen-reader-text\">\u201eF\u00f6rderverein\u201c <\/span>weiterlesen<\/a><\/p>\n","protected":false},"author":1,"featured_media":0,"parent":0,"menu_order":0,"comment_status":"closed","ping_status":"closed","template":"template-homepage.php","meta":{"footnotes":""},"class_list":["post-81","page","type-page","status-publish","hentry","entry"],"_links":{"self":[{"href":"http:\/\/fsgueber.ruhr\/index.php?rest_route=\/wp\/v2\/pages\/81","targetHints":{"allow":["GET"]}}],"collection":[{"href":"http:\/\/fsgueber.ruhr\/index.php?rest_route=\/wp\/v2\/pages"}],"about":[{"href":"http:\/\/fsgueber.ruhr\/index.php?rest_route=\/wp\/v2\/types\/page"}],"author":[{"embeddable":true,"href":"http:\/\/fsgueber.ruhr\/index.php?rest_route=\/wp\/v2\/users\/1"}],"replies":[{"embeddable":true,"href":"http:\/\/fsgueber.ruhr\/index.php?rest_route=%2Fwp%2Fv2%2Fcomments&post=81"}],"version-history":[{"count":8,"href":"http:\/\/fsgueber.ruhr\/index.php?rest_route=\/wp\/v2\/pages\/81\/revisions"}],"predecessor-version":[{"id":167,"href":"http:\/\/fsgueber.ruhr\/index.php?rest_route=\/wp\/v2\/pages\/81\/revisions\/167"}],"wp:attachment":[{"href":"http:\/\/fsgueber.ruhr\/index.php?rest_route=%2Fwp%2Fv2%2Fmedia&parent=81"}],"curies":[{"name":"wp","href":"https:\/\/api.w.org\/{rel}","templated":true}]}}