{"id":89,"date":"2020-02-22T18:58:49","date_gmt":"2020-02-22T18:58:49","guid":{"rendered":"http:\/\/fsgueber.ruhr\/?page_id=89"},"modified":"2020-02-23T11:18:42","modified_gmt":"2020-02-23T11:18:42","slug":"mitglied-werden","status":"publish","type":"page","link":"http:\/\/fsgueber.ruhr\/?page_id=89","title":{"rendered":"Download"},"content":{"rendered":"\n<div class=\"wp-block-file\"><a href=\"http:\/\/fsgueber.ruhr\/wp-content\/uploads\/2020\/02\/Eintrittserkl\u00e4rung-Spendenerkl\u00e4rung-F\u00f6rderverein-SEPA.pdf\">Eintrittserkl\u00e4rung-Spendenerkl\u00e4rung-F\u00f6rderverein-SEPA<\/a><a href=\"http:\/\/fsgueber.ruhr\/wp-content\/uploads\/2020\/02\/Eintrittserkl\u00e4rung-Spendenerkl\u00e4rung-F\u00f6rderverein-SEPA.pdf\" class=\"wp-block-file__button\" download>Herunterladen<\/a><\/div>\n","protected":false},"excerpt":{"rendered":"","protected":false},"author":1,"featured_media":0,"parent":0,"menu_order":0,"comment_status":"closed","ping_status":"closed","template":"","meta":{"footnotes":""},"class_list":["post-89","page","type-page","status-publish","hentry","entry"],"_links":{"self":[{"href":"http:\/\/fsgueber.ruhr\/index.php?rest_route=\/wp\/v2\/pages\/89","targetHints":{"allow":["GET"]}}],"collection":[{"href":"http:\/\/fsgueber.ruhr\/index.php?rest_route=\/wp\/v2\/pages"}],"about":[{"href":"http:\/\/fsgueber.ruhr\/index.php?rest_route=\/wp\/v2\/types\/page"}],"author":[{"embeddable":true,"href":"http:\/\/fsgueber.ruhr\/index.php?rest_route=\/wp\/v2\/users\/1"}],"replies":[{"embeddable":true,"href":"http:\/\/fsgueber.ruhr\/index.php?rest_route=%2Fwp%2Fv2%2Fcomments&post=89"}],"version-history":[{"count":3,"href":"http:\/\/fsgueber.ruhr\/index.php?rest_route=\/wp\/v2\/pages\/89\/revisions"}],"predecessor-version":[{"id":123,"href":"http:\/\/fsgueber.ruhr\/index.php?rest_route=\/wp\/v2\/pages\/89\/revisions\/123"}],"wp:attachment":[{"href":"http:\/\/fsgueber.ruhr\/index.php?rest_route=%2Fwp%2Fv2%2Fmedia&parent=89"}],"curies":[{"name":"wp","href":"https:\/\/api.w.org\/{rel}","templated":true}]}}